{"id":11957,"date":"2023-05-11T11:20:37","date_gmt":"2023-05-11T11:20:37","guid":{"rendered":"https:\/\/ecclesiae.de\/blog\/?page_id=11957"},"modified":"2023-05-11T11:20:37","modified_gmt":"2023-05-11T11:20:37","slug":"maiandacht-27-tag","status":"publish","type":"page","link":"https:\/\/ecclesiae.de\/blog\/?page_id=11957","title":{"rendered":"Maiandacht &#8211; 27. Tag"},"content":{"rendered":"\n<p><a href=\"https:\/\/ecclesiae.de\/blog\/?page_id=11795\">Vorbereitungsgebet und Aufopferungsgebet<\/a><\/p>\n\n\n\n<p><strong>Von den vorz\u00fcglichsten Mitteln, in der Liebe Gottes zu wachsen<\/strong><\/p>\n\n\n\n<ol class=\"wp-block-list\" type=\"1\">\n<li>\u00a0Die Liebe Gottes ist eine Gnade, denn sie ist in der heiligen Taufe durch den heiligen Geist in unsere Herzen eingegossen. Um aber dieses Liebesfeuer immer mehr in uns zu entflammen und zur h\u00f6chsten Vollkommenheit zu bringen, gibt es besonders zwei Mittel: das Gebet und die \u00f6ftere heilige Kommunion. Immer sollst du um die Gnade der Liebe bitten, immer an das liebevolle Herz Jesu anklopfen und flehen, dass Jesus dir von seiner Liebe mitteile, immer zu Maria rufen, dass sie dir helfe, Gott zu lieben. Zugleich sollst du das tun, was Maria, was die Heiligen taten. Maria war die erste, die das Leiden ihres Sohnes t\u00e4glich und st\u00fcndlich betrachtet und dadurch von der Liebe ganz durchdrungen wurde. Die Leiden Jesu nennt der heilige Alfonsus Liebespfeile, weil nichts so sehr unsere kalten, harten Herzen entflammen kann, als die Erkenntnis der unendlichen Liebe, die Jesus zu uns Menschen in seinem Leiden zeigt.<br>Betrachte daher oft das Leiden des Heilandes. Das ist das Buch, in welchem du lernst, wie man Jesum liebt. Je mehr du darin liest, desto mehr wirst du in der Liebe zu Jesus zunehmen.<br><br><\/li>\n\n\n\n<li>Das vorz\u00fcglichste Mittel aber, um in der Liebe zu Gott, dem liebensw\u00fcrdigsten Gute, immer mehr zuzunehmen, ist die \u00f6ftere, w\u00fcrdige heilige Kommunion. \u201eIch bin gekommen,\u201c spricht Jesus, \u201eFeuer zu senden, und was will ich anders, als dass es brenne?\u201c Christus selbst ist dieses Feuer, er will in unsere Herzen einkehren, sie an sich ziehen, sie eins machen mit sich. Wie das Feuer die Eigenschaft hat, das, was es durchgl\u00fchen und entz\u00fcnden kann, in sich zu verwandeln, so dass es selbst Feuer wird, so will uns auch Jesus mittels der der heiligen Kommunion mit sich ver\u00e4hnlichen, wie er selbst sagt: \u201eWer mein Fleisch isst und mein Blut trinkt, der bleibt in mir und ich in ihm.\u201c<br>Je \u00f6fter du also kommunizierst, desto mehr wird dich Christus reinigen, desto mehr mit seiner Liebe durchgl\u00fchen und endlich ganz sich mit dir einigen, so dass du mit dem heiligen Paulus ausrufen kannst: \u201eNicht mehr ich lebe, sondern Christus lebt in mir.\u201c Erinnere dich, mit welcher Demut, aber auch mit welcher Liebe Maria Jesum empfangen und wie sie mit ihrem g\u00f6ttlichen Sohne ganz eins geworden ist. N\u00e4here dich daher oft mit Demut und heiligem Verlangen dem heiligen Tische und koste, wie s\u00fc\u00df der Herr ist.<br><br><\/li>\n<\/ol>\n\n\n\n<p>Lasset und beten <strong>3 Ave Maria<\/strong>, um durch Maria die Gnade zu erlangen, oft und w\u00fcrdig zu kommunizieren.<\/p>\n\n\n\n<p>Gegr\u00fc\u00dfet seist du Maria \u2026<\/p>\n\n\n\n<p><em>Bei Privatandachten kann auch nach den Worten \u201eJesus\u201c jedes Mal hinzugesetzt werden:<\/em><\/p>\n\n\n\n<p>\u201eDer uns die Gnade geben wolle, oft und w\u00fcrdig zu kommunizieren.\u201c<br><\/p>\n\n\n\n<p class=\"has-medium-font-size\"><strong>Gebet<\/strong><\/p>\n\n\n\n<p>O Maria, meine Mutter, teile mir doch dein Verlangen mit, welches du jedes Mal hattest, wenn du aus den H\u00e4nden der Apostel das heiligste Sakrament empfingst, und hilf mir, dass ich stets mich w\u00fcrdig dem Tische des Herrn nahe und dadurch die Liebe erlange, die mich eins macht mit deinem g\u00f6ttlichen Sohne. Amen.<\/p>\n","protected":false},"excerpt":{"rendered":"<p>Vorbereitungsgebet und Aufopferungsgebet Von den vorz\u00fcglichsten Mitteln, in der Liebe Gottes zu wachsen Lasset und beten 3 Ave Maria, um durch Maria die Gnade zu erlangen, oft und w\u00fcrdig zu kommunizieren. Gegr\u00fc\u00dfet seist du Maria \u2026 Bei Privatandachten kann auch &hellip; <a href=\"https:\/\/ecclesiae.de\/blog\/?page_id=11957\">Weiterlesen <span class=\"meta-nav\">&rarr;<\/span><\/a><\/p>\n","protected":false},"author":3,"featured_media":0,"parent":11795,"menu_order":27,"comment_status":"closed","ping_status":"closed","template":"","meta":{"footnotes":""},"class_list":["post-11957","page","type-page","status-publish","hentry"],"_links":{"self":[{"href":"https:\/\/ecclesiae.de\/blog\/index.php?rest_route=\/wp\/v2\/pages\/11957","targetHints":{"allow":["GET"]}}],"collection":[{"href":"https:\/\/ecclesiae.de\/blog\/index.php?rest_route=\/wp\/v2\/pages"}],"about":[{"href":"https:\/\/ecclesiae.de\/blog\/index.php?rest_route=\/wp\/v2\/types\/page"}],"author":[{"embeddable":true,"href":"https:\/\/ecclesiae.de\/blog\/index.php?rest_route=\/wp\/v2\/users\/3"}],"replies":[{"embeddable":true,"href":"https:\/\/ecclesiae.de\/blog\/index.php?rest_route=%2Fwp%2Fv2%2Fcomments&post=11957"}],"version-history":[{"count":1,"href":"https:\/\/ecclesiae.de\/blog\/index.php?rest_route=\/wp\/v2\/pages\/11957\/revisions"}],"predecessor-version":[{"id":11958,"href":"https:\/\/ecclesiae.de\/blog\/index.php?rest_route=\/wp\/v2\/pages\/11957\/revisions\/11958"}],"up":[{"embeddable":true,"href":"https:\/\/ecclesiae.de\/blog\/index.php?rest_route=\/wp\/v2\/pages\/11795"}],"wp:attachment":[{"href":"https:\/\/ecclesiae.de\/blog\/index.php?rest_route=%2Fwp%2Fv2%2Fmedia&parent=11957"}],"curies":[{"name":"wp","href":"https:\/\/api.w.org\/{rel}","templated":true}]}}