{"id":11967,"date":"2023-05-12T12:04:33","date_gmt":"2023-05-12T12:04:33","guid":{"rendered":"https:\/\/ecclesiae.de\/blog\/?page_id=11967"},"modified":"2023-05-12T12:04:33","modified_gmt":"2023-05-12T12:04:33","slug":"maiandacht-30-tag","status":"publish","type":"page","link":"https:\/\/ecclesiae.de\/blog\/?page_id=11967","title":{"rendered":"Maiandacht &#8211; 30. Tag"},"content":{"rendered":"\n<p><a href=\"https:\/\/ecclesiae.de\/blog\/?page_id=11795\">Vorbereitungs- und Aufopferungsgebet<\/a><\/p>\n\n\n\n<p class=\"has-medium-font-size\"><strong>Von dem Verlangen nach dem Besitze Gottes<\/strong><\/p>\n\n\n\n<ol class=\"wp-block-list\" type=\"1\">\n<li>\u00a0Je mehr ein Mensch in der Erkenntnis der g\u00f6ttlichen Wahrheiten zunimmt, desto mehr kommt er zur Einsicht, dass nichts, gar nichts auf Erden das Verlangen seines Herzens stillen und befriedigen kann, Er erkennt im hellsten Lichte die Eitelkeit und Nichtigkeit aller irdischen Dinge, er wird ganz gleichg\u00fcltig dagegen und verachtet sie von Herzen, er wendet seinen Blick ab von der Erde und richtet ihn empor zum Himmel. Dort allein findet er Ruhe, denn dort wohnt der, welcher sein Herz ganz ausf\u00fcllen kann, in dessen Besitz er allein zufrieden ist. <br>Daher die Sehnsucht nach dem Besitze Gottes in den Herzen frommer Christen, daher ihre stille Trauer in dem Getrenntsein von dem einzigen, h\u00f6chsten Gute. Als Maria nach der Himmelfahrt ihres g\u00f6ttlichen Sohnes einsam unter den Aposteln auf Erden weilte, da erf\u00fcllte fort und fort stille Wehmut ihr Herz: wie eine Verbannte lebte sie in stiller Zur\u00fcckgezogenheit. Nur das Gebet war ihr Trost und die Ausbreitung der Kirche ihre Freude. O wie oft seufzte sie; \u201eWer gibt mir Fl\u00fcgel einer Taube, dass ich fliege und ruhe!\u201c<br>F\u00fchlst du nicht auch eine solche Sehnsucht nach dem Besitze Gottes in dir, meine Seele?<br><br><\/li>\n\n\n\n<li>Das Verlangen, Gott zu besitzen, ist ein Zeichen, dass du in der Gnade Gottes stehst, dass du sein Kind bist und zur Zahl seiner Auserw\u00e4hlten geh\u00f6rst. Dieses Verlangen darf aber kein vor\u00fcbergehendes, sondern muss ein fortdauerndes sein und immer mehr zunehmen, je weiter du in der Tugend fortschreitest. Um es aber in dir stets rege zu halten, betrachte immer wieder das menschliche Elend und die Eitelkeiten der Welt. Richte fort und fort deinen Blick im Gebete nach oben, und sende, so oft du kannst, Seufzer des Verlangens zum Himmel empor. Der Herr l\u00e4sst sich dann zu dir herab, er zieht dein Herz immer mehr an sich, erf\u00fcllt es immer mehr mit seiner Liebe, sch\u00e4lt es immer mehr los von dir selbst und von den Gesch\u00f6pfen und wird es endlich, ist die Zeit deines Heimganges in die wahre Heimat gekommen, ganz mit seiner beseligenden Gegenwart erf\u00fcllen. So durchlebte Maria nach der Himmelfahrt ihres geliebten Sohnes ihre noch \u00fcbrigen Lebenstage. Ihr Wandel war nicht mehr auf Erden, sondern im Himmel. Gott war ihr alles, au\u00dfer ihm war ihr alles gleichg\u00fcltig geworden.<br>O meine Seele, wie gl\u00fccklich bist du, wenn Gott dein alles ist, wenn du in Wahrheit ausrufen kannst: \u201eMein Gott und mein alles!\u201c<\/li>\n<\/ol>\n\n\n\n<p>Lasset und beten <strong>3 Ave Maria,<\/strong> um durch Maria ein rechtes Verlangen nach dem Besitze Gottes zu erhalten.<\/p>\n\n\n\n<p>Gegr\u00fc\u00dfet seist du Maria \u2026<\/p>\n\n\n\n<p><em>Bei Privatandachten kann auch nach den Worten \u201eJesus\u201c jedes Mal hinzugesetzt werden:<\/em><\/p>\n\n\n\n<p>\u201eDer uns ein rechtes Verlangen nach dem Besitze Gottes einfl\u00f6\u00dfen wolle.\u201c<br><\/p>\n\n\n\n<p class=\"has-medium-font-size\"><strong>Gebet<\/strong><\/p>\n\n\n\n<p>O meine innigst geliebte Mutter, ich f\u00fchle es immer mehr, dass noch viele Bande mich an die Welt fesseln und dass mein Herz noch nicht zur vollkommenen Ruhe gelangt ist. O ziehe mich doch mit den Banden deiner Liebe zu Gott, dass ich nicht von ihm lasse, bis ich sein und er mein geworden ist! Amen.<\/p>\n","protected":false},"excerpt":{"rendered":"<p>Vorbereitungs- und Aufopferungsgebet Von dem Verlangen nach dem Besitze Gottes Lasset und beten 3 Ave Maria, um durch Maria ein rechtes Verlangen nach dem Besitze Gottes zu erhalten. Gegr\u00fc\u00dfet seist du Maria \u2026 Bei Privatandachten kann auch nach den Worten &hellip; <a href=\"https:\/\/ecclesiae.de\/blog\/?page_id=11967\">Weiterlesen <span class=\"meta-nav\">&rarr;<\/span><\/a><\/p>\n","protected":false},"author":3,"featured_media":0,"parent":11795,"menu_order":30,"comment_status":"closed","ping_status":"closed","template":"","meta":{"footnotes":""},"class_list":["post-11967","page","type-page","status-publish","hentry"],"_links":{"self":[{"href":"https:\/\/ecclesiae.de\/blog\/index.php?rest_route=\/wp\/v2\/pages\/11967","targetHints":{"allow":["GET"]}}],"collection":[{"href":"https:\/\/ecclesiae.de\/blog\/index.php?rest_route=\/wp\/v2\/pages"}],"about":[{"href":"https:\/\/ecclesiae.de\/blog\/index.php?rest_route=\/wp\/v2\/types\/page"}],"author":[{"embeddable":true,"href":"https:\/\/ecclesiae.de\/blog\/index.php?rest_route=\/wp\/v2\/users\/3"}],"replies":[{"embeddable":true,"href":"https:\/\/ecclesiae.de\/blog\/index.php?rest_route=%2Fwp%2Fv2%2Fcomments&post=11967"}],"version-history":[{"count":1,"href":"https:\/\/ecclesiae.de\/blog\/index.php?rest_route=\/wp\/v2\/pages\/11967\/revisions"}],"predecessor-version":[{"id":11968,"href":"https:\/\/ecclesiae.de\/blog\/index.php?rest_route=\/wp\/v2\/pages\/11967\/revisions\/11968"}],"up":[{"embeddable":true,"href":"https:\/\/ecclesiae.de\/blog\/index.php?rest_route=\/wp\/v2\/pages\/11795"}],"wp:attachment":[{"href":"https:\/\/ecclesiae.de\/blog\/index.php?rest_route=%2Fwp%2Fv2%2Fmedia&parent=11967"}],"curies":[{"name":"wp","href":"https:\/\/api.w.org\/{rel}","templated":true}]}}