{"id":11970,"date":"2023-05-12T16:19:00","date_gmt":"2023-05-12T16:19:00","guid":{"rendered":"https:\/\/ecclesiae.de\/blog\/?page_id=11970"},"modified":"2023-05-12T16:19:00","modified_gmt":"2023-05-12T16:19:00","slug":"maiandacht-31-tag","status":"publish","type":"page","link":"https:\/\/ecclesiae.de\/blog\/?page_id=11970","title":{"rendered":"Maiandacht &#8211; 31. Tag"},"content":{"rendered":"\n<p><a href=\"https:\/\/ecclesiae.de\/blog\/?page_id=11795\">Vorbereitungsgebet und Aufopferungsgebet<\/a><\/p>\n\n\n\n<p class=\"has-medium-font-size\"><strong>Von dem in Christus verborgenen Leben<\/strong><\/p>\n\n\n\n<ol class=\"wp-block-list\" type=\"1\">\n<li>\u201eWenn ihr mit Christus auferstanden seid, so suchet, was droben ist, wo Christus ist, der zur Rechten Gottes sitzt. Was droben ist, habet im Sinne, nicht, was auf Erden ist. Denn ihr seid gestorben, und euer Leben ist verborgen mit Christo in Gott!\u201c<br>So ruft der heilige Apostel Paulus allen denen zu, die die S\u00fcnde verlassen haben, der Welt abgestorben sind und f\u00fcr Gott leben wollen. Ihr Leben soll verborgen sein mit Christo in Gott. Dieses verborgene Leben in Christo besteht in der fortw\u00e4hrenden Flucht und Vermeidung alles eitlen Umganges mit Gesch\u00f6pfen. Musst du unter Menschen sein, mit ihnen zusammen leben, mit ihnen arbeiten, so bewahre wenigstens die Einsamkeit des Gem\u00fctes, indem du deine Arbeiten auf Gott beziehst, immer in seiner Gegenwart dich h\u00e4ltst, alle eitlen Vorstellungen und Bilder dir aus dem Sinne schl\u00e4gst, deine Augen bez\u00e4hmst, geh\u00f6riges Schweigen beobachtest und durch kurze Schu\u00dfgebetlein dein Herz zu Gott erhebst. So lebte Maria unter den Aposteln. Sie hatte sich zur\u00fcckgezogen von dem Schauplatze der Welt und in Jerusalem sich ganz dem Gebete und der Betrachtung hingegeben. Nur dann, wenn die Apostel Rat und Trost brauchten, nur dann, wenn sie mit ihnen betete, \u00f6ffnete sie ihren Mund.<br><br><\/li>\n\n\n\n<li>Nicht blo\u00df mit dem Leibe und dem Gem\u00fcte, sondern auch mit dem Herzen muss der, welcher sich mit Gott vereinigen will, verborgen in Christo leben. Dieses verborgene Leben des Herzens in Christo ist die heilige Einsamkeit. Diese Einsamkeit verleiht Gott nur seinen getreuesten Anh\u00e4ngern, die in best\u00e4ndiger Abt\u00f6tung ihrer \u00e4u\u00dferen Sinne und inneren Neigungen sich endlich von allem Irdischen entbl\u00f6\u00dft haben und ganz frei von aller Anh\u00e4nglichkeit an die Gesch\u00f6pfe sind. In ein solches Herz steigt dann der himmlische Br\u00e4utigam nieder und feiert mit ihm seine Verm\u00e4hlung, da spricht er himmlische Worte, die s\u00fc\u00dfer sind, als Honig, zur Seele, und die Seele zerflie\u00dft gleichsam in heiligem Entz\u00fccken wegen der Gewalt der Liebe und ihrer Wonne. Verlasse also alles, und du wirst alles finden, ersterbe dir, ersterbe der Welt: und Christus wird in dir, und du wirst in Christo leben und nicht sterben, auch wenn du dem Leibe nach gestorben bist. Auch hierin gibt dir Maria ein Beispiel. Sich und der Welt war sie gestorben und in dem Innersten ihres Herzens lebte die Seele ihrer Seele, Gott, der da ist alles in allem, hochgelobt in Ewigkeit.<br><br><\/li>\n<\/ol>\n\n\n\n<p>Lasset und beten <strong>3 Ave Maria<\/strong>, dass wir durch die F\u00fcrbitte Mari\u00e4 der Welt absterben und in Christo leben.<\/p>\n\n\n\n<p>Gegr\u00fc\u00dfet seist du Maria \u2026<\/p>\n\n\n\n<p><em>Bei Privatandachten kann auch nach den Worten \u201eJesus\u201c jedes Mal hinzugesetzt werden:<\/em><\/p>\n\n\n\n<p>\u201eDer uns die Gnade geben wolle, der Welt zu sterben und in Gott zu leben.\u201c<br><\/p>\n\n\n\n<p class=\"has-medium-font-size\"><strong>Gebet<\/strong><\/p>\n\n\n\n<p>O Maria, Trauer und Wehmut durchdringt mein Herz, weil es immer noch im \u00c4u\u00dfern umherirrt, dem Irdischen sich zuneigt und abhold ist der heiligen Einsamkeit, in der du in Gott geborgen gelebt und mit ihm vollkommen vereinigt gewesen bist. O f\u00fchre meine Seele doch auch in diese Einsamkeit, rei\u00dfe sie los von den Gesch\u00f6pfen, erf\u00fclle sie mit himmlischen Begierden und entflamme sie zu jener brennenden Liebe, die mit nichts sich begn\u00fcgt, als nur mit dem h\u00f6chsten Gute. Amen.<\/p>\n\n\n\n<p><br><br><strong>Gebet beim Schlu\u00df der Maiandacht<\/strong><\/p>\n\n\n\n<p>Zum letzten Male in diesem dir geweihten Monat knieen wir vor dir, o Maria, hin und senden zu dir hinauf unseren kindlichen Gru\u00df, unseren Dank und unsere Bitte. Wir danken dem dreieinigen Gott wegen aller Gnaden und Vorz\u00fcge, womit er dich geziert hat; wir danken dir f\u00fcr die Erh\u00f6rung unserer Bitten, die du uns gew\u00e4hrt, f\u00fcr den Trost, den du uns gespendet, f\u00fcr die Gnaden, die du uns am Throne des Allerh\u00f6chsten erwirkt hast. Schau wie in den Tagen dieses deines Monats, so immer und \u00fcberall, wo wir wandern werden, wie eine liebevolle Mutter auf uns, deine hilfsbed\u00fcrftigen Kinder, in Gnaden herab, und erflehe uns Schutz in Gefahren, St\u00e4rke im Kampfe, Geduld in Leiden; erflehe den S\u00fcndern Bekehrung und Verzeihung, den Gerechten Fortschritt in der Tugend; erflehe uns allen die Gnade der Beharrlichkeit, einen seligen Tod und ein gn\u00e4diges Gericht. M\u00f6chten wir alle, o Maria, die wir hier zugegen und dir in kindlicher Liebe ergeben sind, im Himmel am Fu\u00dfe deines Thrones uns wiederfinden, gerettet durch deine F\u00fcrbitte aus allen Gefahren; m\u00f6chte keiner verloren gehen, der hier and\u00e4chtig gerufen hat und noch ruft: Heilige Maria, Mutter Gottes, bitte f\u00fcr uns S\u00fcnder, jetzt und in der Stunde unsers Todes. Amen<\/p>\n\n\n\n<p>Wechselgebet zum Schlusse der Andacht<\/p>\n\n\n\n<p>Maria, du hohe Gottesmutter\u00a0 \u00a0\u00a0\u00a0\u00a0\u00a0\u00a0\u00a0 &#8211;\u00a0 sei noch einmal gegr\u00fc\u00dft und gepriesen<\/p>\n\n\n\n<p>Du gl\u00fcckselige Himmelsk\u00f6nigin, &nbsp;&nbsp;&nbsp;&nbsp; &#8211; sei\u2026<\/p>\n\n\n\n<p>Du Mutter Jesu, unsers Heilandes,&nbsp; &#8211; sei\u2026<\/p>\n\n\n\n<p>Du Mutter und Jungfrau zugleich &nbsp;&nbsp; &#8211; sei\u2026<\/p>\n\n\n\n<p>Du Mutter der Barmherzigkeit,&nbsp;&nbsp;&nbsp;&nbsp;&nbsp;&nbsp;&nbsp; &#8211; sei\u2026<\/p>\n\n\n\n<p>Du Zuflucht der S\u00fcnder und aller Elenden, &#8211; sei\u2026<\/p>\n\n\n\n<p>Du Vorbild aller Tugenden,&nbsp;&nbsp;&nbsp;&nbsp;&nbsp;&nbsp;&nbsp;&nbsp;&nbsp;&nbsp;&nbsp;&nbsp;&nbsp;&nbsp; &#8211; sei<\/p>\n\n\n\n<p>Du unsere liebe Mutter, Gebieterin und F\u00fcrsprecherin,-sei\u2026<\/p>\n\n\n\n<p>Du unsere Zuflucht, unser Leben, unsere S\u00fc\u00dfigkeit und unsere Hoffnung, &#8211; sei\u2026<\/p>\n\n\n\n<p>F\u00fcr alles Gute, das Du uns im ganzen Leben und besonders in diesem Monate erwiesen hast,<br><br>-danken wir dir aus ganzem Herzen, o Maria!<\/p>\n\n\n\n<p>Dass du uns von der durch unsere S\u00fcnden verdienten H\u00f6lle und von so vielen Gefahren Leibes und der Seele durch deine F\u00fcrbitte errettet hast,<\/p>\n\n\n\n<p>-danken\u2026<\/p>\n\n\n\n<p>F\u00fcr diese Gnade, dass wir diese Andacht halten konnten,<\/p>\n\n\n\n<p>-danken \u2026<\/p>\n\n\n\n<p>F\u00fcr die Gnaden und Erleuchtungen, die du uns w\u00e4hrend dieser Andacht erlangt hast,<\/p>\n\n\n\n<p>-danken\u2026<\/p>\n\n\n\n<p>F\u00fcr die Freuden und Tr\u00f6stungen, die du uns geschenkt hast,<\/p>\n\n\n\n<p>-danken\u2026<\/p>\n\n\n\n<p>F\u00fcr die guten Vors\u00e4tze, die dein Beispiel w\u00e4hren dieses Monats in uns erweckt hast,<\/p>\n\n\n\n<p>-danken\u2026<\/p>\n\n\n\n<p>F\u00fcr alles uns selbst unbekannte Gute, das du uns in diesem Monate erwiesen hast,<\/p>\n\n\n\n<p>-danken\u2026<\/p>\n\n\n\n<p>Barmherzige Mutter Maria, wir haben nun zwar diese unsere Andacht vollendet, aber wir m\u00fcssen bekennen, dass wir sie oft \u00fcbel und mangelhaft verrichtet haben, und dass wir wegen unserer Unw\u00fcrdigkeit nicht verdienen, von dir erh\u00f6rt zu werden. Doch sieh nicht hierauf, sondern vielmehr auf die Meinung, dich zu ehren, weswegen wir diese Andacht unternommen haben. Sieh nicht auf unsere Unw\u00fcrdigkeit, sondern bedenke, dass du eine Mutter der Barmherzigkeit bist, der es unm\u00f6glich ist, der Elenden und Hilfsbed\u00fcrftigen, die ihre Zuflucht zu ihr nehmen, sich nicht zu erbarmen, und dass es niemals geh\u00f6rt worden sei, dass jemand, der dich angerufen hat, von dir verlassen worden sei.<br>So nimm dich denn unser an, opfere unsere Meinung und unser ehrerbietiges Gebet dem himmlischen Vater auf und verschaffe uns Erh\u00f6rung.<\/p>\n\n\n\n<p><br>Dass du uns eine gro\u00dfe reue und Verzeihung unserer S\u00fcnden von Gott erbittest,<\/p>\n\n\n\n<ul class=\"wp-block-list\">\n<li>bitten wir dich noch einmal, o Maria<\/li>\n<\/ul>\n\n\n\n<p>Dass du uns einen festen, lebendigen Glauben, festes Vertrauen auf Gottes Barmherzigkeit und eine gro\u00dfe Liebe zu Gott erlangest,<\/p>\n\n\n\n<ul class=\"wp-block-list\">\n<li>bitten\u2026<\/li>\n<\/ul>\n\n\n\n<p>Um wahre Demut, Sanftmut Geduld und kindliche Ergebung in den Willen Gottes bei Leiden und Widerw\u00e4rtigkeiten,<\/p>\n\n\n\n<ul class=\"wp-block-list\">\n<li>bitten\u2026<\/li>\n<\/ul>\n\n\n\n<p>Dass wir von nun an Gott stets treu dienen und bis ans Ende ausharren,<\/p>\n\n\n\n<ul class=\"wp-block-list\">\n<li>bitten\u2026<\/li>\n<\/ul>\n\n\n\n<p>Dass du uns die Gnaden, die uns, wie du wei\u00dft, am n\u00fctzlichsten und n\u00f6tigsten sind, erlangen wollest,<\/p>\n\n\n\n<ul class=\"wp-block-list\">\n<li>bitten\u2026<\/li>\n<\/ul>\n\n\n\n<p>Dass du dich aller S\u00fcnder und der Armen Seelen im Fegefeuer erbarmen wollest,<\/p>\n\n\n\n<ul class=\"wp-block-list\">\n<li>bitten\u2026<\/li>\n<\/ul>\n\n\n\n<p>Dass du deine Verehrung, besonders diese Maiandacht ausbreiten und alle, welche dieselbe bef\u00f6rdern, daf\u00fcr belohnen und ihnen beistehen wollest,<\/p>\n\n\n\n<ul class=\"wp-block-list\">\n<li>bitten\u2026<\/li>\n<\/ul>\n\n\n\n<p>O Maria, verlass uns nicht, jetzt und besonders in der Stunde unseres Todes! Daran erinnere dich, geliebte Mutter, dass wir vor dir gekniet und in diesem Monate so oft gerufen haben: \u201eHeilige Maria, Mutter Gottes, bitte f\u00fcr uns S\u00fcnder jetzt und in der Stunde unsers Todes!\u201c M\u00f6chten wir dann alle, o Maria, die wir zugegen sind, im Himmel am Fu\u00dfe deines Thrones uns wiederfinden, gerettet durch deine F\u00fcrbitte von der H\u00f6lle, um deiner G\u00fcte und Barmherzigkeit ewiges Lob zu singen! M\u00f6chte keiner verloren gehen, der hier and\u00e4chtig gerufen hat: \u201eGegr\u00fc\u00dfet seist du, Maria!\u201c Amen.<\/p>\n\n\n\n<p>Heiliger Joachim und heilige Anna,<\/p>\n\n\n\n<ul class=\"wp-block-list\">\n<li>danket und empfehlet uns Maria.<\/li>\n<\/ul>\n\n\n\n<p>Heiliger Joseph, der du das Gl\u00fcck hattest, der Br\u00e4utigam der allerseligsten Jungfrau hier auf Erden zu sein, und heilger Johannes, der du durch ihre Heimsuchung geheiligt wurdest,<\/p>\n\n\n\n<ul class=\"wp-block-list\">\n<li>danket\u2026<\/li>\n<\/ul>\n\n\n\n<p>Heiliger Johannes Damascenus, heiliger Bernardus, heiliger Alfonsus und all ihr besonderen Verehrer der allerseligsten Jungfrau,<\/p>\n\n\n\n<ul class=\"wp-block-list\">\n<li>danket\u2026<\/li>\n<\/ul>\n\n\n\n<p>Gelobt sei Jesus und Maria!<\/p>\n\n\n\n<p>Jetzt und in alle Ewigkeit. Amen.<\/p>\n","protected":false},"excerpt":{"rendered":"<p>Vorbereitungsgebet und Aufopferungsgebet Von dem in Christus verborgenen Leben Lasset und beten 3 Ave Maria, dass wir durch die F\u00fcrbitte Mari\u00e4 der Welt absterben und in Christo leben. Gegr\u00fc\u00dfet seist du Maria \u2026 Bei Privatandachten kann auch nach den Worten &hellip; <a href=\"https:\/\/ecclesiae.de\/blog\/?page_id=11970\">Weiterlesen <span class=\"meta-nav\">&rarr;<\/span><\/a><\/p>\n","protected":false},"author":3,"featured_media":0,"parent":11795,"menu_order":31,"comment_status":"closed","ping_status":"closed","template":"","meta":{"footnotes":""},"class_list":["post-11970","page","type-page","status-publish","hentry"],"_links":{"self":[{"href":"https:\/\/ecclesiae.de\/blog\/index.php?rest_route=\/wp\/v2\/pages\/11970","targetHints":{"allow":["GET"]}}],"collection":[{"href":"https:\/\/ecclesiae.de\/blog\/index.php?rest_route=\/wp\/v2\/pages"}],"about":[{"href":"https:\/\/ecclesiae.de\/blog\/index.php?rest_route=\/wp\/v2\/types\/page"}],"author":[{"embeddable":true,"href":"https:\/\/ecclesiae.de\/blog\/index.php?rest_route=\/wp\/v2\/users\/3"}],"replies":[{"embeddable":true,"href":"https:\/\/ecclesiae.de\/blog\/index.php?rest_route=%2Fwp%2Fv2%2Fcomments&post=11970"}],"version-history":[{"count":1,"href":"https:\/\/ecclesiae.de\/blog\/index.php?rest_route=\/wp\/v2\/pages\/11970\/revisions"}],"predecessor-version":[{"id":11971,"href":"https:\/\/ecclesiae.de\/blog\/index.php?rest_route=\/wp\/v2\/pages\/11970\/revisions\/11971"}],"up":[{"embeddable":true,"href":"https:\/\/ecclesiae.de\/blog\/index.php?rest_route=\/wp\/v2\/pages\/11795"}],"wp:attachment":[{"href":"https:\/\/ecclesiae.de\/blog\/index.php?rest_route=%2Fwp%2Fv2%2Fmedia&parent=11970"}],"curies":[{"name":"wp","href":"https:\/\/api.w.org\/{rel}","templated":true}]}}