{"id":13112,"date":"2024-08-30T08:29:42","date_gmt":"2024-08-30T06:29:42","guid":{"rendered":"https:\/\/ecclesiae.de\/blog\/?page_id=13112"},"modified":"2024-08-30T08:29:42","modified_gmt":"2024-08-30T06:29:42","slug":"starkes-gebet-zur-muttergottes","status":"publish","type":"page","link":"https:\/\/ecclesiae.de\/blog\/?page_id=13112","title":{"rendered":"Starkes Gebet zur Muttergottes"},"content":{"rendered":"\n<div class=\"wp-block-media-text is-stacked-on-mobile\"><figure class=\"wp-block-media-text__media\"><img loading=\"lazy\" decoding=\"async\" width=\"168\" height=\"235\" src=\"https:\/\/ecclesiae.de\/blog\/wp-content\/uploads\/2024\/08\/Erzengel-Gabriel-1.jpg\" alt=\"\" class=\"wp-image-13113 size-full\"\/><\/figure><div class=\"wp-block-media-text__content\">\n<p><strong>Gott gr\u00fc\u00dfe Dich, MARIA, <\/strong><br><strong>Tochter Gottes des Vaters!<\/strong><br><strong>Gott gr\u00fc\u00dfe Dich, MARIA,<\/strong><br><strong>Mutter Gottes des Sohnes!<\/strong><br><strong>Gott gr\u00fc\u00dfe Dich, MARIA, <\/strong><br><strong>du Braut des Heiligen Geistes!<\/strong><br><br><strong>O Maria, ich gr\u00fc\u00dfe Dich 33tausendmal wie Dich der heilige Erzengel Gabriel gegr\u00fc\u00dfet hat. <\/strong><br><strong>Es freut dein Herz und auch mein Herz, dass der hl. Erzengel Gabriel diesen Gru\u00df von Gott gebracht hat.<\/strong><br><br><\/p>\n<\/div><\/div>\n\n\n\n<p><strong>Diesen kurzen Gru\u00df soll man t\u00e4glich dreimal beten und jedes Mal ein AVE MARIA dazu; das dient f\u00fcr neun&nbsp; Rosenkr\u00e4nze f\u00fcr Kranke und f\u00fcr Alle jene, welche nicht viel Zeit zum Beten haben!<\/strong><br><br><a href=\"https:\/\/www.youtube.com\/watch?v=d9rcvBYZHSY\">Hier<\/a> gibt es das Gebet auch als Audioaufnahme.<\/p>\n","protected":false},"excerpt":{"rendered":"<p>Gott gr\u00fc\u00dfe Dich, MARIA, Tochter Gottes des Vaters!Gott gr\u00fc\u00dfe Dich, MARIA,Mutter Gottes des Sohnes!Gott gr\u00fc\u00dfe Dich, MARIA, du Braut des Heiligen Geistes! O Maria, ich gr\u00fc\u00dfe Dich 33tausendmal wie Dich der heilige Erzengel Gabriel gegr\u00fc\u00dfet hat. Es freut dein Herz &hellip; <a href=\"https:\/\/ecclesiae.de\/blog\/?page_id=13112\">Weiterlesen <span class=\"meta-nav\">&rarr;<\/span><\/a><\/p>\n","protected":false},"author":3,"featured_media":0,"parent":10583,"menu_order":0,"comment_status":"closed","ping_status":"closed","template":"","meta":{"footnotes":""},"class_list":["post-13112","page","type-page","status-publish","hentry"],"_links":{"self":[{"href":"https:\/\/ecclesiae.de\/blog\/index.php?rest_route=\/wp\/v2\/pages\/13112","targetHints":{"allow":["GET"]}}],"collection":[{"href":"https:\/\/ecclesiae.de\/blog\/index.php?rest_route=\/wp\/v2\/pages"}],"about":[{"href":"https:\/\/ecclesiae.de\/blog\/index.php?rest_route=\/wp\/v2\/types\/page"}],"author":[{"embeddable":true,"href":"https:\/\/ecclesiae.de\/blog\/index.php?rest_route=\/wp\/v2\/users\/3"}],"replies":[{"embeddable":true,"href":"https:\/\/ecclesiae.de\/blog\/index.php?rest_route=%2Fwp%2Fv2%2Fcomments&post=13112"}],"version-history":[{"count":1,"href":"https:\/\/ecclesiae.de\/blog\/index.php?rest_route=\/wp\/v2\/pages\/13112\/revisions"}],"predecessor-version":[{"id":13114,"href":"https:\/\/ecclesiae.de\/blog\/index.php?rest_route=\/wp\/v2\/pages\/13112\/revisions\/13114"}],"up":[{"embeddable":true,"href":"https:\/\/ecclesiae.de\/blog\/index.php?rest_route=\/wp\/v2\/pages\/10583"}],"wp:attachment":[{"href":"https:\/\/ecclesiae.de\/blog\/index.php?rest_route=%2Fwp%2Fv2%2Fmedia&parent=13112"}],"curies":[{"name":"wp","href":"https:\/\/api.w.org\/{rel}","templated":true}]}}